{"id":7320,"date":"2026-03-11T18:25:09","date_gmt":"2026-03-11T15:25:09","guid":{"rendered":"https:\/\/troubleshootermajorca.com\/nutzungsbedingungen-rechtliche-hinweise\/"},"modified":"2026-03-11T18:25:09","modified_gmt":"2026-03-11T15:25:09","slug":"nutzungsbedingungen-rechtliche-hinweise","status":"publish","type":"page","link":"https:\/\/troubleshootermajorca.com\/de\/nutzungsbedingungen-rechtliche-hinweise\/","title":{"rendered":"Nutzungsbedingungen &amp; Rechtliche Hinweise"},"content":{"rendered":"<p>Willkommen bei Troubleshooter Mallorca. Diese Allgemeinen Gesch\u00e4ftsbedingungen regeln die Nutzung dieser Website und die Buchung von Dienstleistungen, die \u00fcber Troubleshooter Mallorca angeboten werden. Mit dem Zugriff auf diese Website und der Vornahme einer Buchung erkl\u00e4ren Sie sich mit den nachstehend beschriebenen Bedingungen einverstanden.  <\/p>\n<p>1. Allgemeine Informationen<br \/>\nTroubleshooter Mallorca bietet erstklassige private Transferdienste und reisebezogene Transportdienstleistungen auf Mallorca an. \u00dcber die Website k\u00f6nnen Kunden private Transportdienste, Flughafentransfers und Fahrten mit Chauffeur auf der ganzen Insel anfragen und buchen.<br \/>\nDurch die Nutzung dieser Website und die Best\u00e4tigung einer Buchung erkennt der Kunde diese Allgemeinen Gesch\u00e4ftsbedingungen an und akzeptiert sie. <\/p>\n<p>2. Art der Dienstleistungen<br \/>\nTroubleshooter Mallorca bietet Buchungs-, Koordinations- und Kundendienstleistungen f\u00fcr private Transportdienste auf Mallorca an.<br \/>\nDie Transportdienstleistungen werden von professionellen, lizenzierten Fahrern erbracht, die gem\u00e4\u00df den geltenden spanischen Transportvorschriften arbeiten. Diese Dienstleistungen k\u00f6nnen von Fahrern erbracht werden, die innerhalb unseres vertrauensw\u00fcrdigen Netzwerks professioneller Transportdienstleister t\u00e4tig sind.<br \/>\nTroubleshooter Mallorca koordiniert den Buchungsprozess, die Kommunikation, die Terminplanung und die Servicestandards, um den Kunden ein hochwertiges Erlebnis zu garantieren. <\/p>\n<p>3. Buchungsvorgang<br \/>\nKunden k\u00f6nnen Transportdienstleistungen \u00fcber die Website, per E-Mail, \u00fcber Messaging-Plattformen oder andere Kommunikationskan\u00e4le anfordern.<br \/>\nEine Buchung gilt als best\u00e4tigt, sobald der Kunde eine Best\u00e4tigung von Troubleshooter Mallorca mit den folgenden Leistungsdetails erhalten hat:<br \/>\n* Datum und Uhrzeit<br \/>\n* Abholort<br \/>\n* Zielort<br \/>\n* Anzahl der Passagiere<br \/>\n* Gep\u00e4ckinformationen<br \/>\nDie Kunden sind daf\u00fcr verantwortlich, dass die angegebenen Buchungsdetails korrekt und vollst\u00e4ndig sind.<\/p>\n<p>4. Preisgestaltung<br \/>\nAlle Preise werden vor der Best\u00e4tigung der Dienstleistung mitgeteilt.<br \/>\nDie Preise umfassen in der Regel:<br \/>\n* Fahrzeug<br \/>\n* Fahrer<br \/>\n* Kraftstoff<br \/>\n* Standard-Wartezeit f\u00fcr Abholungen vom Flughafen<br \/>\n* Grundlegende Gep\u00e4ckabfertigung<br \/>\n* Kindersitze<br \/>\nF\u00fcr zus\u00e4tzliche Dienstleistungen k\u00f6nnen zus\u00e4tzliche Kosten anfallen, darunter unter anderem:<br \/>\n* Verl\u00e4ngerte Wartezeit<br \/>\n* Zus\u00e4tzliche Zwischenstopps<br \/>\n* Sonderw\u00fcnsche bez\u00fcglich des Fahrzeugs<br \/>\n* \u00dcberm\u00e4\u00dfiges Gep\u00e4ck<br \/>\nAlle Preise werden vor Abschluss der Dienstleistung best\u00e4tigt.<\/p>\n<p>5. Wartezeit<br \/>\nBei Abholungen vom Flughafen betr\u00e4gt die Wartezeit am Flughafen 60 Minuten ab dem in Ihrer Buchung angegebenen Zeitpunkt. Bei anderen Abholungen betr\u00e4gt die Wartezeit 15 Minuten ab dem in Ihrer Buchung angegebenen Zeitpunkt.<br \/>\nKunden werden gebeten, den Fahrer oder das Unternehmen zu benachrichtigen, sobald das Gep\u00e4ck abgeholt wurde, um eine effiziente Abholung zu gew\u00e4hrleisten.<br \/>\nVerl\u00e4ngerte Wartezeiten, die \u00fcber die Standardzulage hinausgehen, f\u00fchren zu zus\u00e4tzlichen Kosten.<br \/>\nBei Nichterscheinen, d. h. wenn der Fahrgast nicht innerhalb der zul\u00e4ssigen Wartezeit am vereinbarten Abholort erscheint, gilt die Dienstleistung als erbracht und der volle Betrag wird in Rechnung gestellt.<br \/>\nWenn der Passagier innerhalb einer angemessenen Wartezeit nicht gefunden oder kontaktiert werden kann, wird die Buchung als Nichterscheinen behandelt und die Dienstleistung ist nicht erstattungsf\u00e4hig.<\/p>\n<p>6. Pflichten des Kunden<br \/>\nVom Kunden wird erwartet, dass er:<br \/>\n* genaue Informationen zur Abholung bereitstellt<br \/>\n* den Fahrer und das Fahrzeug respektiert<br \/>\n* die \u00f6rtlichen Gesetze und Sicherheitsvorschriften befolgt<br \/>\n* sicherstellt, dass die Anzahl der Passagiere und des Gep\u00e4cks mit der Buchung \u00fcbereinstimmt<br \/>\nDer Fahrer beh\u00e4lt sich das Recht vor, die Dienstleistung in Situationen zu verweigern, in denen die Sicherheit oder gesetzliche Vorschriften beeintr\u00e4chtigt werden k\u00f6nnten.<\/p>\n<p>7. Gep\u00e4ck<br \/>\nDie Standard-Gep\u00e4ckfreigrenze h\u00e4ngt vom gebuchten Fahrzeugtyp ab.<br \/>\nKunden m\u00fcssen das Unternehmen im Voraus \u00fcber \u00fcbergro\u00dfe oder ungew\u00f6hnliche Gegenst\u00e4nde informieren, wie z. B.:<br \/>\n* Sportger\u00e4te<br \/>\n* Fahrr\u00e4der<br \/>\n* Golftaschen<br \/>\n* gro\u00dfe Koffer<br \/>\nTroubleshooter Mallorca kann den Transport von Gep\u00e4ck, das die Fahrzeugkapazit\u00e4t \u00fcberschreitet, nicht garantieren, wenn dies nicht bei der Buchung angegeben wurde.<\/p>\n<p>8. Leistungserbringung<br \/>\nDie Transportdienstleistungen werden von lizenzierten Fahrern erbracht, die f\u00fcr den sicheren Betrieb des Fahrzeugs und die Einhaltung der Transportvorschriften verantwortlich sind.<br \/>\nDie Fahrer halten sich an die spanischen Transportgesetze und die geltenden Versicherungsvorschriften.<br \/>\nTroubleshooter Mallorca koordiniert die Buchung, die Servicestandards und die Kundenkommunikation im Zusammenhang mit dem Transfer.<\/p>\n<p>9. Versp\u00e4tungen<br \/>\nIm Falle von Flugversp\u00e4tungen oder unerwarteten Reise\u00e4nderungen sollten Kunden das Unternehmen so schnell wie m\u00f6glich informieren.<br \/>\nWenn m\u00f6glich, werden Anpassungen vorgenommen, um der aktualisierten Ankunftszeit Rechnung zu tragen.<br \/>\nDie Verf\u00fcgbarkeit von Fahrzeugen kann jedoch je nach Zeitplan und betrieblichen Einschr\u00e4nkungen variieren und mit zus\u00e4tzlichen Kosten verbunden sein.<\/p>\n<p>10. Stornierungen<br \/>\nStornierungen m\u00fcssen so fr\u00fch wie m\u00f6glich mitgeteilt werden. Die Stornierungsfrist betr\u00e4gt 24 Stunden im Voraus f\u00fcr Transfers und 48 Stunden im Voraus f\u00fcr Mietwagen mit Fahrer. Bei Stornierungen nach Ablauf dieser Fristen wird eine Stornierungsgeb\u00fchr in H\u00f6he von 100 % f\u00e4llig und die Zahlung wird nicht zur\u00fcckerstattet.<br \/>\nJe nach Zeitpunkt der Stornierung k\u00f6nnen Geb\u00fchren anfallen. Diese Bedingungen werden bei der Buchungsbest\u00e4tigung mitgeteilt.<br \/>\nTroubleshooter Mallorca beh\u00e4lt sich das Recht vor, Buchungen unter au\u00dfergew\u00f6hnlichen Umst\u00e4nden zu stornieren oder zu \u00e4ndern, wie z. B.:<br \/>\n* Fahrzeugpanne<br \/>\n* Unwetter<br \/>\n* Unvorhergesehene betriebliche Probleme<br \/>\nIn solchen F\u00e4llen werden angemessene Anstrengungen unternommen, um eine alternative L\u00f6sung anzubieten.   <\/p>\n<p>11. Haftung<br \/>\nTroubleshooter Mallorca organisiert und koordiniert Transportdienstleistungen und bietet Kundenbetreuung w\u00e4hrend des Buchungsprozesses.<br \/>\nDie Transportdienstleister sind f\u00fcr die sichere Durchf\u00fchrung der Fahrt, den Betrieb des Fahrzeugs und die Einhaltung der geltenden Transportvorschriften verantwortlich.<br \/>\nAlle f\u00fcr die Dienstleistungen eingesetzten Fahrzeuge erf\u00fcllen die nach spanischem Recht vorgeschriebenen Versicherungs- und Zulassungsanforderungen.<br \/>\nTroubleshooter Mallorca haftet nicht f\u00fcr Umst\u00e4nde, die au\u00dferhalb seiner Kontrolle liegen, einschlie\u00dflich, aber nicht beschr\u00e4nkt auf Verkehrsbedingungen, Wetterereignisse, Stra\u00dfensperrungen oder h\u00f6here Gewalt.<\/p>\n<p>12. Nutzung der Website<br \/>\nDie Nutzer verpflichten sich, die Website nicht zu missbrauchen, keinen unbefugten Zugriff zu versuchen und keine Aktivit\u00e4ten durchzuf\u00fchren, die die Funktionalit\u00e4t oder Integrit\u00e4t der Website beeintr\u00e4chtigen k\u00f6nnten.<\/p>\n<p>13. Anwendbares Recht<br \/>\nDiese Allgemeinen Gesch\u00e4ftsbedingungen unterliegen spanischem Recht und sind entsprechend auszulegen.<br \/>\nAlle Streitigkeiten, die sich aus der Nutzung der Website oder der Dienste ergeben, fallen in die Zust\u00e4ndigkeit der zust\u00e4ndigen Gerichte in Spanien.<\/p>\n<p>14. Kontaktinformationen<br \/>\nBei Fragen zu diesen Allgemeinen Gesch\u00e4ftsbedingungen k\u00f6nnen sich Kunden per E-Mail an uns wenden: troubleshootermajorca@gmail.com.<\/p>\n<p>15. Website-Eigent\u00fcmer<br \/>\nIn \u00dcbereinstimmung mit dem Gesetz 34\/2002 vom 11. Juli \u00fcber Dienste der Informationsgesellschaft und den elektronischen Gesch\u00e4ftsverkehr (LSSI-CE) werden die Nutzer dieser Website \u00fcber Folgendes informiert:<\/p>\n<p>Inhaber: Troubleshootermajorca, Diana Diadiura<br \/>\nNIF \/ NIE \/ CIF: Y4298776K<br \/>\nEingetragene Adresse: 07014, Spanien, Balearen, Palma de Mallorca, Av. Joan Miro, 11, 2B<br \/>\nE-Mail: toubleshootermajorca@gmail.com<br \/>\nWebsite: https:\/\/troubleshootermajorca.com\/ <\/p>\n<p>Der Eigent\u00fcmer der Website bietet Informationen und Dienstleistungen im Zusammenhang mit der Koordination privater Transportmittel und Reiseunterst\u00fctzung auf Mallorca an.<\/p>\n<p>16. Zweck der Website<br \/>\nDiese Website bietet Informationen \u00fcber private Transportdienste, Flughafentransfers, Chauffeurdienste und reisebezogene Unterst\u00fctzung auf Mallorca.<br \/>\nDie Website erm\u00f6glicht es Benutzern, Serviceinformationen anzufordern und Buchungsanfragen zu stellen.<\/p>\n<p>17. Nutzungsbedingungen<br \/>\nDer Zugriff auf diese Website und ihre Nutzung setzen die vollst\u00e4ndige Zustimmung zu den in diesem rechtlichen Hinweis beschriebenen Bedingungen voraus.<br \/>\nDie Nutzer verpflichten sich, die Website verantwortungsbewusst und in \u00dcbereinstimmung mit den geltenden Gesetzen zu nutzen.<br \/>\nDer Eigent\u00fcmer der Website beh\u00e4lt sich das Recht vor, den Inhalt der Website ohne vorherige Ank\u00fcndigung zu \u00e4ndern, zu aktualisieren oder zu entfernen.<\/p>\n<p>18. Geistiges Eigentum<br \/>\nAlle Inhalte dieser Website, einschlie\u00dflich, aber nicht beschr\u00e4nkt auf Texte, Bilder, Logos, Grafiken und Designelemente, sind Eigentum des Website-Betreibers oder zur Nutzung lizenziert.<br \/>\nJede Vervielf\u00e4ltigung, Verbreitung oder Verwendung der Inhalte dieser Website ohne vorherige schriftliche Genehmigung ist untersagt.<\/p>\n<p>19. Haftung<br \/>\nDer Websitebetreiber unternimmt alle zumutbaren Anstrengungen, um sicherzustellen, dass die auf der Website bereitgestellten Informationen korrekt und aktuell sind.<br \/>\nDer Websitebetreiber haftet jedoch nicht f\u00fcr Fehler, Auslassungen oder die vor\u00fcbergehende Nichtverf\u00fcgbarkeit der Website.<br \/>\nTransportdienstleistungen k\u00f6nnen von lizenzierten Berufskraftfahrern erbracht werden, die innerhalb eines Netzwerks vertrauensw\u00fcrdiger Transportpartner gem\u00e4\u00df den geltenden Vorschriften t\u00e4tig sind.<\/p>\n<p>20. Externe Links<br \/>\nDiese Website kann Links zu externen Websites enthalten. Der Websitebetreiber \u00fcbernimmt keine Verantwortung f\u00fcr den Inhalt oder die Datenschutzpraktiken von Websites Dritter. <\/p>\n<p>21. Datenschutz<br \/>\nDie Verarbeitung der \u00fcber diese Website erhobenen personenbezogenen Daten unterliegt der auf dieser Website verf\u00fcgbaren Datenschutzerkl\u00e4rung.<\/p>\n<p>22. Anwendbares Recht<br \/>\nDiese rechtlichen Hinweise unterliegen spanischem Recht und sind entsprechend auszulegen.<br \/>\nAlle Streitigkeiten im Zusammenhang mit der Website unterliegen der Zust\u00e4ndigkeit der zust\u00e4ndigen Gerichte in Spanien.<\/p>\n<div class=\"notranslate\" style=\"all: initial;\"><\/div>\n","protected":false},"excerpt":{"rendered":"<p>Willkommen bei Troubleshooter Mallorca. Diese Allgemeinen Gesch\u00e4ftsbedingungen regeln die Nutzung dieser Website und die Buchung von Dienstleistungen, die \u00fcber Troubleshooter Mallorca angeboten werden. Mit dem Zugriff auf diese Website und der Vornahme einer Buchung erkl\u00e4ren Sie sich mit den nachstehend beschriebenen Bedingungen einverstanden. 1. Allgemeine Informationen Troubleshooter Mallorca bietet erstklassige private Transferdienste und reisebezogene Transportdienstleistungen [&hellip;]<\/p>\n","protected":false},"author":19,"featured_media":0,"parent":0,"menu_order":0,"comment_status":"closed","ping_status":"closed","template":"","meta":{"ocean_post_layout":"","ocean_both_sidebars_style":"","ocean_both_sidebars_content_width":0,"ocean_both_sidebars_sidebars_width":0,"ocean_sidebar":"0","ocean_second_sidebar":"0","ocean_disable_margins":"enable","ocean_add_body_class":"","ocean_shortcode_before_top_bar":"","ocean_shortcode_after_top_bar":"","ocean_shortcode_before_header":"","ocean_shortcode_after_header":"","ocean_has_shortcode":"","ocean_shortcode_after_title":"","ocean_shortcode_before_footer_widgets":"","ocean_shortcode_after_footer_widgets":"","ocean_shortcode_before_footer_bottom":"","ocean_shortcode_after_footer_bottom":"","ocean_display_top_bar":"default","ocean_display_header":"default","ocean_header_style":"","ocean_center_header_left_menu":"0","ocean_custom_header_template":"0","ocean_custom_logo":0,"ocean_custom_retina_logo":0,"ocean_custom_logo_max_width":0,"ocean_custom_logo_tablet_max_width":0,"ocean_custom_logo_mobile_max_width":0,"ocean_custom_logo_max_height":0,"ocean_custom_logo_tablet_max_height":0,"ocean_custom_logo_mobile_max_height":0,"ocean_header_custom_menu":"0","ocean_menu_typo_font_family":"0","ocean_menu_typo_font_subset":"","ocean_menu_typo_font_size":0,"ocean_menu_typo_font_size_tablet":0,"ocean_menu_typo_font_size_mobile":0,"ocean_menu_typo_font_size_unit":"px","ocean_menu_typo_font_weight":"","ocean_menu_typo_font_weight_tablet":"","ocean_menu_typo_font_weight_mobile":"","ocean_menu_typo_transform":"","ocean_menu_typo_transform_tablet":"","ocean_menu_typo_transform_mobile":"","ocean_menu_typo_line_height":0,"ocean_menu_typo_line_height_tablet":0,"ocean_menu_typo_line_height_mobile":0,"ocean_menu_typo_line_height_unit":"","ocean_menu_typo_spacing":0,"ocean_menu_typo_spacing_tablet":0,"ocean_menu_typo_spacing_mobile":0,"ocean_menu_typo_spacing_unit":"","ocean_menu_link_color":"","ocean_menu_link_color_hover":"","ocean_menu_link_color_active":"","ocean_menu_link_background":"","ocean_menu_link_hover_background":"","ocean_menu_link_active_background":"","ocean_menu_social_links_bg":"","ocean_menu_social_hover_links_bg":"","ocean_menu_social_links_color":"","ocean_menu_social_hover_links_color":"","ocean_disable_title":"default","ocean_disable_heading":"default","ocean_post_title":"","ocean_post_subheading":"","ocean_post_title_style":"","ocean_post_title_background_color":"","ocean_post_title_background":0,"ocean_post_title_bg_image_position":"","ocean_post_title_bg_image_attachment":"","ocean_post_title_bg_image_repeat":"","ocean_post_title_bg_image_size":"","ocean_post_title_height":0,"ocean_post_title_bg_overlay":0.5,"ocean_post_title_bg_overlay_color":"","ocean_disable_breadcrumbs":"default","ocean_breadcrumbs_color":"","ocean_breadcrumbs_separator_color":"","ocean_breadcrumbs_links_color":"","ocean_breadcrumbs_links_hover_color":"","ocean_display_footer_widgets":"default","ocean_display_footer_bottom":"default","ocean_custom_footer_template":"0","footnotes":""},"yoast_head":"<!-- This site is optimized with the Yoast SEO plugin v22.6 - https:\/\/yoast.com\/wordpress\/plugins\/seo\/ -->\n<title>Nutzungsbedingungen &amp; Rechtliche Hinweise - \u041e\u0442\u0434\u044b\u0445 \u043d\u0430 \u041c\u0430\u0439\u043e\u0440\u043a\u0435<\/title>\n<meta name=\"robots\" content=\"index, follow, max-snippet:-1, max-image-preview:large, max-video-preview:-1\" \/>\n<link rel=\"canonical\" href=\"https:\/\/troubleshootermajorca.com\/nutzungsbedingungen-rechtliche-hinweise\/\" \/>\n<meta property=\"og:locale\" content=\"de_DE\" \/>\n<meta property=\"og:type\" content=\"article\" \/>\n<meta property=\"og:title\" content=\"Nutzungsbedingungen &amp; Rechtliche Hinweise - \u041e\u0442\u0434\u044b\u0445 \u043d\u0430 \u041c\u0430\u0439\u043e\u0440\u043a\u0435\" \/>\n<meta property=\"og:description\" content=\"Willkommen bei Troubleshooter Mallorca. Diese Allgemeinen Gesch\u00e4ftsbedingungen regeln die Nutzung dieser Website und die Buchung von Dienstleistungen, die \u00fcber Troubleshooter Mallorca angeboten werden. Mit dem Zugriff auf diese Website und der Vornahme einer Buchung erkl\u00e4ren Sie sich mit den nachstehend beschriebenen Bedingungen einverstanden. 1. Allgemeine Informationen Troubleshooter Mallorca bietet erstklassige private Transferdienste und reisebezogene Transportdienstleistungen [&hellip;]\" \/>\n<meta property=\"og:url\" content=\"https:\/\/troubleshootermajorca.com\/nutzungsbedingungen-rechtliche-hinweise\/\" \/>\n<meta property=\"og:site_name\" content=\"\u041e\u0442\u0434\u044b\u0445 \u043d\u0430 \u041c\u0430\u0439\u043e\u0440\u043a\u0435\" \/>\n<meta property=\"article:publisher\" content=\"https:\/\/www.facebook.com\/troubleshootermajorca2020\/\" \/>\n<meta name=\"twitter:card\" content=\"summary_large_image\" \/>\n<meta name=\"twitter:site\" content=\"@Majorcaotdix\" \/>\n<meta name=\"twitter:label1\" content=\"Gesch\u00e4tzte Lesezeit\" \/>\n\t<meta name=\"twitter:data1\" content=\"7\u00a0Minuten\" \/>\n<script type=\"application\/ld+json\" class=\"yoast-schema-graph\">{\"@context\":\"https:\/\/schema.org\",\"@graph\":[{\"@type\":\"WebPage\",\"@id\":\"https:\/\/troubleshootermajorca.com\/nutzungsbedingungen-rechtliche-hinweise\/\",\"url\":\"https:\/\/troubleshootermajorca.com\/nutzungsbedingungen-rechtliche-hinweise\/\",\"name\":\"Nutzungsbedingungen &amp; Rechtliche Hinweise - \u041e\u0442\u0434\u044b\u0445 \u043d\u0430 \u041c\u0430\u0439\u043e\u0440\u043a\u0435\",\"isPartOf\":{\"@id\":\"https:\/\/troubleshootermajorca.com\/#website\"},\"datePublished\":\"2026-03-11T15:25:09+00:00\",\"dateModified\":\"2026-03-11T15:25:09+00:00\",\"breadcrumb\":{\"@id\":\"https:\/\/troubleshootermajorca.com\/nutzungsbedingungen-rechtliche-hinweise\/#breadcrumb\"},\"inLanguage\":\"de\",\"potentialAction\":[{\"@type\":\"ReadAction\",\"target\":[\"https:\/\/troubleshootermajorca.com\/nutzungsbedingungen-rechtliche-hinweise\/\"]}]},{\"@type\":\"BreadcrumbList\",\"@id\":\"https:\/\/troubleshootermajorca.com\/nutzungsbedingungen-rechtliche-hinweise\/#breadcrumb\",\"itemListElement\":[{\"@type\":\"ListItem\",\"position\":1,\"name\":\"Home\",\"item\":\"https:\/\/troubleshootermajorca.com\/de\/\"},{\"@type\":\"ListItem\",\"position\":2,\"name\":\"Nutzungsbedingungen &amp; Rechtliche Hinweise\"}]},{\"@type\":\"WebSite\",\"@id\":\"https:\/\/troubleshootermajorca.com\/#website\",\"url\":\"https:\/\/troubleshootermajorca.com\/\",\"name\":\"Troubleshooter Mallorca Chauffeur Service\",\"description\":\"\u0422\u0440\u0430\u043d\u0441\u0444\u0435\u0440 \",\"potentialAction\":[{\"@type\":\"SearchAction\",\"target\":{\"@type\":\"EntryPoint\",\"urlTemplate\":\"https:\/\/troubleshootermajorca.com\/?s={search_term_string}\"},\"query-input\":\"required name=search_term_string\"}],\"inLanguage\":\"de\"}]}<\/script>\n<!-- \/ Yoast SEO plugin. -->","yoast_head_json":{"title":"Nutzungsbedingungen &amp; Rechtliche Hinweise - \u041e\u0442\u0434\u044b\u0445 \u043d\u0430 \u041c\u0430\u0439\u043e\u0440\u043a\u0435","robots":{"index":"index","follow":"follow","max-snippet":"max-snippet:-1","max-image-preview":"max-image-preview:large","max-video-preview":"max-video-preview:-1"},"canonical":"https:\/\/troubleshootermajorca.com\/nutzungsbedingungen-rechtliche-hinweise\/","og_locale":"de_DE","og_type":"article","og_title":"Nutzungsbedingungen &amp; Rechtliche Hinweise - \u041e\u0442\u0434\u044b\u0445 \u043d\u0430 \u041c\u0430\u0439\u043e\u0440\u043a\u0435","og_description":"Willkommen bei Troubleshooter Mallorca. Diese Allgemeinen Gesch\u00e4ftsbedingungen regeln die Nutzung dieser Website und die Buchung von Dienstleistungen, die \u00fcber Troubleshooter Mallorca angeboten werden. Mit dem Zugriff auf diese Website und der Vornahme einer Buchung erkl\u00e4ren Sie sich mit den nachstehend beschriebenen Bedingungen einverstanden. 1. Allgemeine Informationen Troubleshooter Mallorca bietet erstklassige private Transferdienste und reisebezogene Transportdienstleistungen [&hellip;]","og_url":"https:\/\/troubleshootermajorca.com\/nutzungsbedingungen-rechtliche-hinweise\/","og_site_name":"\u041e\u0442\u0434\u044b\u0445 \u043d\u0430 \u041c\u0430\u0439\u043e\u0440\u043a\u0435","article_publisher":"https:\/\/www.facebook.com\/troubleshootermajorca2020\/","twitter_card":"summary_large_image","twitter_site":"@Majorcaotdix","twitter_misc":{"Gesch\u00e4tzte Lesezeit":"7\u00a0Minuten"},"schema":{"@context":"https:\/\/schema.org","@graph":[{"@type":"WebPage","@id":"https:\/\/troubleshootermajorca.com\/nutzungsbedingungen-rechtliche-hinweise\/","url":"https:\/\/troubleshootermajorca.com\/nutzungsbedingungen-rechtliche-hinweise\/","name":"Nutzungsbedingungen &amp; Rechtliche Hinweise - \u041e\u0442\u0434\u044b\u0445 \u043d\u0430 \u041c\u0430\u0439\u043e\u0440\u043a\u0435","isPartOf":{"@id":"https:\/\/troubleshootermajorca.com\/#website"},"datePublished":"2026-03-11T15:25:09+00:00","dateModified":"2026-03-11T15:25:09+00:00","breadcrumb":{"@id":"https:\/\/troubleshootermajorca.com\/nutzungsbedingungen-rechtliche-hinweise\/#breadcrumb"},"inLanguage":"de","potentialAction":[{"@type":"ReadAction","target":["https:\/\/troubleshootermajorca.com\/nutzungsbedingungen-rechtliche-hinweise\/"]}]},{"@type":"BreadcrumbList","@id":"https:\/\/troubleshootermajorca.com\/nutzungsbedingungen-rechtliche-hinweise\/#breadcrumb","itemListElement":[{"@type":"ListItem","position":1,"name":"Home","item":"https:\/\/troubleshootermajorca.com\/de\/"},{"@type":"ListItem","position":2,"name":"Nutzungsbedingungen &amp; Rechtliche Hinweise"}]},{"@type":"WebSite","@id":"https:\/\/troubleshootermajorca.com\/#website","url":"https:\/\/troubleshootermajorca.com\/","name":"Troubleshooter Mallorca Chauffeur Service","description":"\u0422\u0440\u0430\u043d\u0441\u0444\u0435\u0440 ","potentialAction":[{"@type":"SearchAction","target":{"@type":"EntryPoint","urlTemplate":"https:\/\/troubleshootermajorca.com\/?s={search_term_string}"},"query-input":"required name=search_term_string"}],"inLanguage":"de"}]}},"_links":{"self":[{"href":"https:\/\/troubleshootermajorca.com\/de\/wp-json\/wp\/v2\/pages\/7320"}],"collection":[{"href":"https:\/\/troubleshootermajorca.com\/de\/wp-json\/wp\/v2\/pages"}],"about":[{"href":"https:\/\/troubleshootermajorca.com\/de\/wp-json\/wp\/v2\/types\/page"}],"author":[{"embeddable":true,"href":"https:\/\/troubleshootermajorca.com\/de\/wp-json\/wp\/v2\/users\/19"}],"replies":[{"embeddable":true,"href":"https:\/\/troubleshootermajorca.com\/de\/wp-json\/wp\/v2\/comments?post=7320"}],"version-history":[{"count":0,"href":"https:\/\/troubleshootermajorca.com\/de\/wp-json\/wp\/v2\/pages\/7320\/revisions"}],"wp:attachment":[{"href":"https:\/\/troubleshootermajorca.com\/de\/wp-json\/wp\/v2\/media?parent=7320"}],"curies":[{"name":"wp","href":"https:\/\/api.w.org\/{rel}","templated":true}]}}