{"id":5547,"date":"2020-05-31T04:58:27","date_gmt":"2020-05-31T01:58:27","guid":{"rendered":"https:\/\/troubleshootermajorca.com\/ueber-uns\/"},"modified":"2025-02-02T15:45:54","modified_gmt":"2025-02-02T12:45:54","slug":"ueber-uns","status":"publish","type":"page","link":"https:\/\/troubleshootermajorca.com\/de\/ueber-uns\/","title":{"rendered":"\u00dcber uns"},"content":{"rendered":"<h1>\u00dcber uns<\/h1>\n<p>Wenn Sie eine Dienstleistung oder ein Produkt von einem kleinen Unternehmen kaufen, dann nicht, um ein drittes Haus f\u00fcr den Gesch\u00e4ftsf\u00fchrer zu kaufen, sondern um sicherzustellen, dass das kleine M\u00e4dchen Tanzunterricht und der Junge Fu\u00dfballunterricht hat.<\/p>\n<p>Wer sich f\u00fcr unser Unternehmen entscheidet, entscheidet sich f\u00fcr mehr als nur einen Transfer &#8211; er entscheidet sich f\u00fcr einen au\u00dfergew\u00f6hnlichen Service, Komfort und Zuverl\u00e4ssigkeit.<\/p>\n<p>\u2705 Moderner Fuhrpark &#8211; alle Fahrzeuge sind weniger als zwei Jahre alt, in einwandfreiem Zustand und voll versichert.<\/p>\n<p>\u2705 Sauber und komfortabel &#8211; unsere Fahrzeuge werden vor jeder Fahrt gr\u00fcndlich gereinigt und vorbereitet.<\/p>\n<p>\u2705 Professionelle Fahrer &#8211; h\u00f6flich, p\u00fcnktlich und kenntnisreich \u00fcber die Insel, immer bereit zu helfen.<\/p>\n<p>\u2705 Pers\u00f6nliche Betreuung &#8211; Abholung am Flughafen, Unterst\u00fctzung beim Gep\u00e4ck und lokale Empfehlungen.<\/p>\n<p>\u2705 Flexibilit\u00e4t und Zuverl\u00e4ssigkeit &#8211; rund um die Uhr verf\u00fcgbar, immer p\u00fcnktlich und bereit, sich an Ihren Zeitplan anzupassen.<\/p>\n","protected":false},"excerpt":{"rendered":"<p>\u00dcber uns Wenn Sie eine Dienstleistung oder ein Produkt von einem kleinen Unternehmen kaufen, dann nicht, um ein drittes Haus f\u00fcr den Gesch\u00e4ftsf\u00fchrer zu kaufen, sondern um sicherzustellen, dass das kleine M\u00e4dchen Tanzunterricht und der Junge Fu\u00dfballunterricht hat. Wer sich f\u00fcr unser Unternehmen entscheidet, entscheidet sich f\u00fcr mehr als nur einen Transfer &#8211; er entscheidet [&hellip;]<\/p>\n","protected":false},"author":3,"featured_media":0,"parent":0,"menu_order":0,"comment_status":"closed","ping_status":"closed","template":"","meta":{"ocean_post_layout":"full-screen","ocean_both_sidebars_style":"","ocean_both_sidebars_content_width":0,"ocean_both_sidebars_sidebars_width":0,"ocean_sidebar":"0","ocean_second_sidebar":"0","ocean_disable_margins":"on","ocean_add_body_class":"","ocean_shortcode_before_top_bar":"","ocean_shortcode_after_top_bar":"","ocean_shortcode_before_header":"","ocean_shortcode_after_header":"","ocean_has_shortcode":"","ocean_shortcode_after_title":"","ocean_shortcode_before_footer_widgets":"","ocean_shortcode_after_footer_widgets":"","ocean_shortcode_before_footer_bottom":"","ocean_shortcode_after_footer_bottom":"","ocean_display_top_bar":"off","ocean_display_header":"default","ocean_header_style":"","ocean_center_header_left_menu":"0","ocean_custom_header_template":"0","ocean_custom_logo":0,"ocean_custom_retina_logo":0,"ocean_custom_logo_max_width":0,"ocean_custom_logo_tablet_max_width":0,"ocean_custom_logo_mobile_max_width":0,"ocean_custom_logo_max_height":0,"ocean_custom_logo_tablet_max_height":0,"ocean_custom_logo_mobile_max_height":0,"ocean_header_custom_menu":"0","ocean_menu_typo_font_family":"0","ocean_menu_typo_font_subset":"","ocean_menu_typo_font_size":0,"ocean_menu_typo_font_size_tablet":0,"ocean_menu_typo_font_size_mobile":0,"ocean_menu_typo_font_size_unit":"px","ocean_menu_typo_font_weight":"","ocean_menu_typo_font_weight_tablet":"","ocean_menu_typo_font_weight_mobile":"","ocean_menu_typo_transform":"","ocean_menu_typo_transform_tablet":"","ocean_menu_typo_transform_mobile":"","ocean_menu_typo_line_height":0,"ocean_menu_typo_line_height_tablet":0,"ocean_menu_typo_line_height_mobile":0,"ocean_menu_typo_line_height_unit":"","ocean_menu_typo_spacing":0,"ocean_menu_typo_spacing_tablet":0,"ocean_menu_typo_spacing_mobile":0,"ocean_menu_typo_spacing_unit":"","ocean_menu_link_color":"","ocean_menu_link_color_hover":"","ocean_menu_link_color_active":"","ocean_menu_link_background":"","ocean_menu_link_hover_background":"","ocean_menu_link_active_background":"","ocean_menu_social_links_bg":"","ocean_menu_social_hover_links_bg":"","ocean_menu_social_links_color":"","ocean_menu_social_hover_links_color":"","ocean_disable_title":"on","ocean_disable_heading":"default","ocean_post_title":"","ocean_post_subheading":"","ocean_post_title_style":"","ocean_post_title_background_color":"","ocean_post_title_background":0,"ocean_post_title_bg_image_position":"","ocean_post_title_bg_image_attachment":"","ocean_post_title_bg_image_repeat":"","ocean_post_title_bg_image_size":"","ocean_post_title_height":0,"ocean_post_title_bg_overlay":0.5,"ocean_post_title_bg_overlay_color":"","ocean_disable_breadcrumbs":"off","ocean_breadcrumbs_color":"","ocean_breadcrumbs_separator_color":"","ocean_breadcrumbs_links_color":"","ocean_breadcrumbs_links_hover_color":"","ocean_display_footer_widgets":"default","ocean_display_footer_bottom":"default","ocean_custom_footer_template":"0","footnotes":""},"yoast_head":"<!-- This site is optimized with the Yoast SEO plugin v22.6 - https:\/\/yoast.com\/wordpress\/plugins\/seo\/ -->\n<title>Informationen zum Unternehmen - St\u00f6rungssucher Majorka<\/title>\n<meta name=\"description\" content=\"Das Ziel unserer Arbeit ist es , unseren Kunden den Urlaub und das Leben auf der Insel Mallorca angenehm zu machen. auf der Insel Mallorca zu erleichtern \u2794 Kommen Sie vorbei und finden Sie , was Sie brauchen!\" \/>\n<meta name=\"robots\" content=\"index, follow, max-snippet:-1, max-image-preview:large, max-video-preview:-1\" \/>\n<link rel=\"canonical\" href=\"https:\/\/troubleshootermajorca.com\/about-us\/\" \/>\n<meta property=\"og:locale\" content=\"de_DE\" \/>\n<meta property=\"og:type\" content=\"article\" \/>\n<meta property=\"og:title\" content=\"Informationen zum Unternehmen - St\u00f6rungssucher Majorka\" \/>\n<meta property=\"og:description\" content=\"Das Ziel unserer Arbeit ist es , unseren Kunden den Urlaub und das Leben auf der Insel Mallorca angenehm zu machen. auf der Insel Mallorca zu erleichtern \u2794 Kommen Sie vorbei und finden Sie , was Sie brauchen!\" \/>\n<meta property=\"og:url\" content=\"https:\/\/troubleshootermajorca.com\/about-us\/\" \/>\n<meta property=\"og:site_name\" content=\"\u041e\u0442\u0434\u044b\u0445 \u043d\u0430 \u041c\u0430\u0439\u043e\u0440\u043a\u0435\" \/>\n<meta property=\"article:publisher\" content=\"https:\/\/www.facebook.com\/troubleshootermajorca2020\/\" \/>\n<meta property=\"article:modified_time\" content=\"2025-02-02T12:45:54+00:00\" \/>\n<meta name=\"twitter:card\" content=\"summary_large_image\" \/>\n<meta name=\"twitter:site\" content=\"@Majorcaotdix\" \/>\n<meta name=\"twitter:label1\" content=\"Gesch\u00e4tzte Lesezeit\" \/>\n\t<meta name=\"twitter:data1\" content=\"1\u00a0Minute\" \/>\n<script type=\"application\/ld+json\" class=\"yoast-schema-graph\">{\"@context\":\"https:\/\/schema.org\",\"@graph\":[{\"@type\":\"WebPage\",\"@id\":\"https:\/\/troubleshootermajorca.com\/about-us\/\",\"url\":\"https:\/\/troubleshootermajorca.com\/about-us\/\",\"name\":\"Informationen zum Unternehmen - St\u00f6rungssucher Majorka\",\"isPartOf\":{\"@id\":\"https:\/\/troubleshootermajorca.com\/#website\"},\"datePublished\":\"2020-05-31T01:58:27+00:00\",\"dateModified\":\"2025-02-02T12:45:54+00:00\",\"description\":\"Das Ziel unserer Arbeit ist es , unseren Kunden den Urlaub und das Leben auf der Insel Mallorca angenehm zu machen. auf der Insel Mallorca zu erleichtern \u2794 Kommen Sie vorbei und finden Sie , was Sie brauchen!\",\"breadcrumb\":{\"@id\":\"https:\/\/troubleshootermajorca.com\/about-us\/#breadcrumb\"},\"inLanguage\":\"de\",\"potentialAction\":[{\"@type\":\"ReadAction\",\"target\":[\"https:\/\/troubleshootermajorca.com\/about-us\/\"]}]},{\"@type\":\"BreadcrumbList\",\"@id\":\"https:\/\/troubleshootermajorca.com\/about-us\/#breadcrumb\",\"itemListElement\":[{\"@type\":\"ListItem\",\"position\":1,\"name\":\"Home\",\"item\":\"https:\/\/troubleshootermajorca.com\/de\/\"},{\"@type\":\"ListItem\",\"position\":2,\"name\":\"\u00dcber uns\"}]},{\"@type\":\"WebSite\",\"@id\":\"https:\/\/troubleshootermajorca.com\/#website\",\"url\":\"https:\/\/troubleshootermajorca.com\/\",\"name\":\"Troubleshooter Mallorca Chauffeur Service\",\"description\":\"\u0422\u0440\u0430\u043d\u0441\u0444\u0435\u0440 \",\"potentialAction\":[{\"@type\":\"SearchAction\",\"target\":{\"@type\":\"EntryPoint\",\"urlTemplate\":\"https:\/\/troubleshootermajorca.com\/?s={search_term_string}\"},\"query-input\":\"required name=search_term_string\"}],\"inLanguage\":\"de\"}]}<\/script>\n<!-- \/ Yoast SEO plugin. -->","yoast_head_json":{"title":"Informationen zum Unternehmen - St\u00f6rungssucher Majorka","description":"Das Ziel unserer Arbeit ist es , unseren Kunden den Urlaub und das Leben auf der Insel Mallorca angenehm zu machen. auf der Insel Mallorca zu erleichtern \u2794 Kommen Sie vorbei und finden Sie , was Sie brauchen!","robots":{"index":"index","follow":"follow","max-snippet":"max-snippet:-1","max-image-preview":"max-image-preview:large","max-video-preview":"max-video-preview:-1"},"canonical":"https:\/\/troubleshootermajorca.com\/about-us\/","og_locale":"de_DE","og_type":"article","og_title":"Informationen zum Unternehmen - St\u00f6rungssucher Majorka","og_description":"Das Ziel unserer Arbeit ist es , unseren Kunden den Urlaub und das Leben auf der Insel Mallorca angenehm zu machen. auf der Insel Mallorca zu erleichtern \u2794 Kommen Sie vorbei und finden Sie , was Sie brauchen!","og_url":"https:\/\/troubleshootermajorca.com\/about-us\/","og_site_name":"\u041e\u0442\u0434\u044b\u0445 \u043d\u0430 \u041c\u0430\u0439\u043e\u0440\u043a\u0435","article_publisher":"https:\/\/www.facebook.com\/troubleshootermajorca2020\/","article_modified_time":"2025-02-02T12:45:54+00:00","twitter_card":"summary_large_image","twitter_site":"@Majorcaotdix","twitter_misc":{"Gesch\u00e4tzte Lesezeit":"1\u00a0Minute"},"schema":{"@context":"https:\/\/schema.org","@graph":[{"@type":"WebPage","@id":"https:\/\/troubleshootermajorca.com\/about-us\/","url":"https:\/\/troubleshootermajorca.com\/about-us\/","name":"Informationen zum Unternehmen - St\u00f6rungssucher Majorka","isPartOf":{"@id":"https:\/\/troubleshootermajorca.com\/#website"},"datePublished":"2020-05-31T01:58:27+00:00","dateModified":"2025-02-02T12:45:54+00:00","description":"Das Ziel unserer Arbeit ist es , unseren Kunden den Urlaub und das Leben auf der Insel Mallorca angenehm zu machen. auf der Insel Mallorca zu erleichtern \u2794 Kommen Sie vorbei und finden Sie , was Sie brauchen!","breadcrumb":{"@id":"https:\/\/troubleshootermajorca.com\/about-us\/#breadcrumb"},"inLanguage":"de","potentialAction":[{"@type":"ReadAction","target":["https:\/\/troubleshootermajorca.com\/about-us\/"]}]},{"@type":"BreadcrumbList","@id":"https:\/\/troubleshootermajorca.com\/about-us\/#breadcrumb","itemListElement":[{"@type":"ListItem","position":1,"name":"Home","item":"https:\/\/troubleshootermajorca.com\/de\/"},{"@type":"ListItem","position":2,"name":"\u00dcber uns"}]},{"@type":"WebSite","@id":"https:\/\/troubleshootermajorca.com\/#website","url":"https:\/\/troubleshootermajorca.com\/","name":"Troubleshooter Mallorca Chauffeur Service","description":"\u0422\u0440\u0430\u043d\u0441\u0444\u0435\u0440 ","potentialAction":[{"@type":"SearchAction","target":{"@type":"EntryPoint","urlTemplate":"https:\/\/troubleshootermajorca.com\/?s={search_term_string}"},"query-input":"required name=search_term_string"}],"inLanguage":"de"}]}},"_links":{"self":[{"href":"https:\/\/troubleshootermajorca.com\/de\/wp-json\/wp\/v2\/pages\/5547"}],"collection":[{"href":"https:\/\/troubleshootermajorca.com\/de\/wp-json\/wp\/v2\/pages"}],"about":[{"href":"https:\/\/troubleshootermajorca.com\/de\/wp-json\/wp\/v2\/types\/page"}],"author":[{"embeddable":true,"href":"https:\/\/troubleshootermajorca.com\/de\/wp-json\/wp\/v2\/users\/3"}],"replies":[{"embeddable":true,"href":"https:\/\/troubleshootermajorca.com\/de\/wp-json\/wp\/v2\/comments?post=5547"}],"version-history":[{"count":0,"href":"https:\/\/troubleshootermajorca.com\/de\/wp-json\/wp\/v2\/pages\/5547\/revisions"}],"wp:attachment":[{"href":"https:\/\/troubleshootermajorca.com\/de\/wp-json\/wp\/v2\/media?parent=5547"}],"curies":[{"name":"wp","href":"https:\/\/api.w.org\/{rel}","templated":true}]}}